{"id":72,"date":"2023-09-16T18:24:58","date_gmt":"2023-09-16T16:24:58","guid":{"rendered":"https:\/\/www.folio.kalumis.fr\/folio\/?page_id=72"},"modified":"2023-09-16T20:22:58","modified_gmt":"2023-09-16T18:22:58","slug":"a-propos","status":"publish","type":"page","link":"https:\/\/www.folio.kalumis.fr\/folio\/index.php\/a-propos\/","title":{"rendered":"\u00c0 propos"},"content":{"rendered":"<p>[et_pb_section fb_built=&#8221;1&#8243; _builder_version=&#8221;4.22.1&#8243; _module_preset=&#8221;default&#8221; global_colors_info=&#8221;{}&#8221;][et_pb_row admin_label=&#8221;Ligne&#8221; _builder_version=&#8221;4.22.1&#8243; _module_preset=&#8221;default&#8221; global_colors_info=&#8221;{}&#8221;][et_pb_column type=&#8221;4_4&#8243; _builder_version=&#8221;4.22.1&#8243; _module_preset=&#8221;default&#8221; global_colors_info=&#8221;{}&#8221;][et_pb_text _builder_version=&#8221;4.22.1&#8243; _module_preset=&#8221;default&#8221; text_font=&#8221;Alice||||||||&#8221; text_font_size=&#8221;50px&#8221; custom_margin=&#8221;||17px|||&#8221; global_colors_info=&#8221;{}&#8221;]<\/p>\n<p><span style=\"color: #000000;\">\u00c0 propos<\/span><\/p>\n<p>[\/et_pb_text][et_pb_divider color=&#8221;#000000&#8243; _builder_version=&#8221;4.22.1&#8243; _module_preset=&#8221;default&#8221; custom_margin=&#8221;||-2px|||&#8221; global_colors_info=&#8221;{}&#8221;][\/et_pb_divider][et_pb_image src=&#8221;http:\/\/www.folio.kalumis.fr\/folio\/wp-content\/uploads\/2023\/09\/about.jpg&#8221; title_text=&#8221;about&#8221; align=&#8221;center&#8221; force_fullwidth=&#8221;on&#8221; _builder_version=&#8221;4.22.1&#8243; _module_preset=&#8221;default&#8221; global_colors_info=&#8221;{}&#8221;][\/et_pb_image][\/et_pb_column][\/et_pb_row][et_pb_row _builder_version=&#8221;4.22.1&#8243; _module_preset=&#8221;default&#8221; custom_padding=&#8221;|80px||80px|false|false&#8221; global_colors_info=&#8221;{}&#8221;][et_pb_column type=&#8221;4_4&#8243; _builder_version=&#8221;4.22.1&#8243; _module_preset=&#8221;default&#8221; global_colors_info=&#8221;{}&#8221;][et_pb_text _builder_version=&#8221;4.22.1&#8243; _module_preset=&#8221;default&#8221; text_font=&#8221;Alice||||||||&#8221; text_font_size=&#8221;20px&#8221; hover_enabled=&#8221;0&#8243; global_colors_info=&#8221;{}&#8221; sticky_enabled=&#8221;0&#8243;]<\/p>\n<p>Je suis Mademoiselle Kalumis, illustratrice et autrice fran\u00e7aise. Je tisse des histoires et leurs univers avec passion depuis une dizaine d&#8217;ann\u00e9e sur internet. <span>Que ce soit Black Ring, Tomorrow, (univers fantastique) ou encore la Fissure du Cr\u00e9puscule (univers de fantaisie m\u00e9di\u00e9vale) et les contes que je narre sur Twitch, cr\u00e9er des personnages aux histoires incroyables me permets de faire voyager les gens. Avec Alice, je me suis essay\u00e9e \u00e0 l&#8217;adaptation graphique de contes pour l&#8217;occasion sur ce livre qui m&#8217;a fait tant r\u00eaver.<\/span><span><\/span><\/p>\n<p><strong>Mes principaux projets graphiques pass\u00e9s<\/strong><\/p>\n<ul>\n<li>\u00ab<strong><a href=\"https:\/\/kalumis.fr\/challenge\/\">Bonjour Kalumis<\/a><\/strong>\u00bb, un challenge quotidien de 2000 jours cons\u00e9cutifs o\u00f9 j\u2019ai dessin\u00e9 une pin-up par jour de mars 2012 \u00e0 septembre 2017. Cela a donn\u00e9 lieu \u00e0 la publication d\u2019un artbook \u00ab<strong><a href=\"https:\/\/fr.ulule.com\/milleniup-1\/\">Milleniup<\/a><\/strong>\u00bb en financement participatif pour f\u00eater la barre des 1000 en 2014.<\/li>\n<li>\u00ab<strong><a href=\"https:\/\/fr.ulule.com\/artbook-galexy\/\">Galexy<\/a><\/strong>\u00bb est un artbook r\u00e9alis\u00e9 en financement participatif issu de l\u2019inktober 2016. Repr\u00e9sentant les signes du zodiaque et l\u2019astrologie chinoise, c\u2019est un ensemble de pin-ups.<\/li>\n<li>\u00ab<strong><a href=\"https:\/\/fr.ulule.com\/alice-et-son-miroir\/\">Alice et son Miroir<\/a><\/strong>\u00bb est un recueil contenant 60 illustrations noir et blanc r\u00e9alis\u00e9es lors de l\u2019Inktober 2021, \u00e9galement financ\u00e9 sur Ulule en mai 2022. Le principe \u00e9tait de faire se r\u00e9pondre deux des oeuvres de Lewis Caroll, Alice au Pays des Merveilles et De L\u2019Autre C\u00f4t\u00e9 du Miroir, tout en cr\u00e9ant un genre de troisi\u00e8me histoire.<\/li>\n<\/ul>\n<p><strong>Mes challenges r\u00e9guliers<\/strong><br \/>Inktober, <strong><a href=\"https:\/\/23hbd.com\/participants\/2023\/kalumis\/\">23H et 25H de la BD<\/a><\/strong>, \u00abDans le dur\u00bb est un challenge que j\u2019ai cr\u00e9\u00e9 et qui se d\u00e9roule durant le mois de juin depuis 2021 en petit comit\u00e9 o\u00f9 j\u2019encourage celles et ceux qui me rejoignent \u00e0 s\u2019am\u00e9liorer en dessin \u00e0 travers des exercices en live.<span><\/span><\/p>\n<p>[\/et_pb_text][\/et_pb_column][\/et_pb_row][et_pb_row admin_label=&#8221;Ligne&#8221; _builder_version=&#8221;4.22.1&#8243; _module_preset=&#8221;default&#8221; hover_enabled=&#8221;0&#8243; global_colors_info=&#8221;{}&#8221; sticky_enabled=&#8221;0&#8243;][et_pb_column type=&#8221;4_4&#8243; _builder_version=&#8221;4.22.1&#8243; _module_preset=&#8221;default&#8221; global_colors_info=&#8221;{}&#8221;][et_pb_image src=&#8221;http:\/\/www.folio.kalumis.fr\/folio\/wp-content\/uploads\/2023\/09\/about02.jpg&#8221; title_text=&#8221;about02&#8243; align=&#8221;center&#8221; force_fullwidth=&#8221;on&#8221; _builder_version=&#8221;4.22.1&#8243; _module_preset=&#8221;default&#8221; hover_enabled=&#8221;0&#8243; global_colors_info=&#8221;{}&#8221; sticky_enabled=&#8221;0&#8243;][\/et_pb_image][\/et_pb_column][\/et_pb_row][\/et_pb_section]<\/p>\n","protected":false},"excerpt":{"rendered":"<p>\u00c0 proposJe suis Mademoiselle Kalumis, illustratrice et autrice fran\u00e7aise. Je tisse des histoires et leurs univers avec passion depuis une dizaine d&#8217;ann\u00e9e sur internet. Que ce soit Black Ring, Tomorrow, (univers fantastique) ou encore la Fissure du Cr\u00e9puscule (univers de fantaisie m\u00e9di\u00e9vale) et les contes que je narre sur Twitch, cr\u00e9er des personnages aux histoires [&hellip;]<\/p>\n","protected":false},"author":1,"featured_media":0,"parent":0,"menu_order":0,"comment_status":"closed","ping_status":"closed","template":"","meta":{"_et_pb_use_builder":"on","_et_pb_old_content":"","_et_gb_content_width":"","footnotes":""},"class_list":["post-72","page","type-page","status-publish","hentry"],"_links":{"self":[{"href":"https:\/\/www.folio.kalumis.fr\/folio\/index.php\/wp-json\/wp\/v2\/pages\/72","targetHints":{"allow":["GET"]}}],"collection":[{"href":"https:\/\/www.folio.kalumis.fr\/folio\/index.php\/wp-json\/wp\/v2\/pages"}],"about":[{"href":"https:\/\/www.folio.kalumis.fr\/folio\/index.php\/wp-json\/wp\/v2\/types\/page"}],"author":[{"embeddable":true,"href":"https:\/\/www.folio.kalumis.fr\/folio\/index.php\/wp-json\/wp\/v2\/users\/1"}],"replies":[{"embeddable":true,"href":"https:\/\/www.folio.kalumis.fr\/folio\/index.php\/wp-json\/wp\/v2\/comments?post=72"}],"version-history":[{"count":4,"href":"https:\/\/www.folio.kalumis.fr\/folio\/index.php\/wp-json\/wp\/v2\/pages\/72\/revisions"}],"predecessor-version":[{"id":80,"href":"https:\/\/www.folio.kalumis.fr\/folio\/index.php\/wp-json\/wp\/v2\/pages\/72\/revisions\/80"}],"wp:attachment":[{"href":"https:\/\/www.folio.kalumis.fr\/folio\/index.php\/wp-json\/wp\/v2\/media?parent=72"}],"curies":[{"name":"wp","href":"https:\/\/api.w.org\/{rel}","templated":true}]}}